{"id":2,"date":"2012-12-23T18:40:01","date_gmt":"2012-12-23T18:40:01","guid":{"rendered":"http:\/\/adpmf.infonaute.fr\/?page_id=2"},"modified":"2023-10-23T14:24:44","modified_gmt":"2023-10-23T12:24:44","slug":"page-d-exemple","status":"publish","type":"page","link":"https:\/\/www.adpmf30.fr\/?page_id=2","title":{"rendered":"Modalit\u00e9s\/ Co\u00fbt"},"content":{"rendered":"<p style=\"text-align: left;\"><span style=\"color: #3366ff;\"><strong>&gt;Modalit\u00e9s :<br \/><\/strong><\/span><\/p>\n<p style=\"text-align: left;\">Le premier rendez-vous d&rsquo;information est gratuit et confidentiel.<\/p>\n<p style=\"text-align: left;\">3 \u00e0 8 entretiens d&rsquo;environ 1h30 \u00e0 2h chacun, au rythme d&rsquo;une rencontre tous les 15 jours en moyenne.<\/p>\n<p style=\"text-align: left;\"><span style=\"color: #3366ff;\"><strong>&gt;Co\u00fbt :<br \/><\/strong><\/span><\/p>\n<p>La participation financi\u00e8re est d\u00e9finie lors du premier rendez-vous en fonction des revenus de chacun, selon un bar\u00e8me officiel \u00e9tabli par la CNAF pour tous les services de M\u00e9diation Familiales conventionn\u00e9s sur l&rsquo;ensemble du territoire.<\/p>\n\n\n<figure class=\"wp-block-image size-large is-resized\"><a href=\"https:\/\/www.adpmf30.fr\/wp-content\/uploads\/BAREME-MEDIATION-2023.png\"><img loading=\"lazy\" src=\"https:\/\/www.adpmf30.fr\/wp-content\/uploads\/BAREME-MEDIATION-2023-1024x700.png\" alt=\"\" class=\"wp-image-233\" width=\"684\" height=\"467\" srcset=\"https:\/\/www.adpmf30.fr\/wp-content\/uploads\/BAREME-MEDIATION-2023-1024x700.png 1024w, https:\/\/www.adpmf30.fr\/wp-content\/uploads\/BAREME-MEDIATION-2023-300x205.png 300w, https:\/\/www.adpmf30.fr\/wp-content\/uploads\/BAREME-MEDIATION-2023-768x525.png 768w, https:\/\/www.adpmf30.fr\/wp-content\/uploads\/BAREME-MEDIATION-2023.png 1096w\" sizes=\"(max-width: 684px) 100vw, 684px\" \/><\/a><\/figure>\n","protected":false},"excerpt":{"rendered":"<p>&gt;Modalit\u00e9s : Le premier rendez-vous d&rsquo;information est gratuit et confidentiel. 3 \u00e0 8 entretiens d&rsquo;environ 1h30 \u00e0 2h chacun, au rythme d&rsquo;une rencontre tous les 15 jours en moyenne. &gt;Co\u00fbt : La participation financi\u00e8re est d\u00e9finie lors du premier rendez-vous &hellip; <a href=\"https:\/\/www.adpmf30.fr\/?page_id=2\">Continuer la lecture <span class=\"meta-nav\">&rarr;<\/span><\/a><\/p>\n","protected":false},"author":1,"featured_media":0,"parent":0,"menu_order":2,"comment_status":"closed","ping_status":"open","template":"","meta":[],"_links":{"self":[{"href":"https:\/\/www.adpmf30.fr\/index.php?rest_route=\/wp\/v2\/pages\/2"}],"collection":[{"href":"https:\/\/www.adpmf30.fr\/index.php?rest_route=\/wp\/v2\/pages"}],"about":[{"href":"https:\/\/www.adpmf30.fr\/index.php?rest_route=\/wp\/v2\/types\/page"}],"author":[{"embeddable":true,"href":"https:\/\/www.adpmf30.fr\/index.php?rest_route=\/wp\/v2\/users\/1"}],"replies":[{"embeddable":true,"href":"https:\/\/www.adpmf30.fr\/index.php?rest_route=%2Fwp%2Fv2%2Fcomments&post=2"}],"version-history":[{"count":6,"href":"https:\/\/www.adpmf30.fr\/index.php?rest_route=\/wp\/v2\/pages\/2\/revisions"}],"predecessor-version":[{"id":237,"href":"https:\/\/www.adpmf30.fr\/index.php?rest_route=\/wp\/v2\/pages\/2\/revisions\/237"}],"wp:attachment":[{"href":"https:\/\/www.adpmf30.fr\/index.php?rest_route=%2Fwp%2Fv2%2Fmedia&parent=2"}],"curies":[{"name":"wp","href":"https:\/\/api.w.org\/{rel}","templated":true}]}}